{"id":3728,"date":"2019-01-28T17:26:49","date_gmt":"2019-01-28T17:26:49","guid":{"rendered":"https:\/\/www.gmad.ca\/emploi\/"},"modified":"2020-01-14T18:45:31","modified_gmt":"2020-01-14T18:45:31","slug":"career","status":"publish","type":"page","link":"https:\/\/www.gmad.ca\/en\/career\/","title":{"rendered":"Career"},"content":{"rendered":"\r\n<h2>DEVELOP YOUR CAREER<\/h2>\r\n<p><img decoding=\"async\" src=\"https:\/\/www.gmad.ca\/wp-content\/uploads\/separator-vertical.png\" alt=\"separator vertical\" \/><\/p>\r\n<h4>gmad is a growing multidisciplinary firm with offices located in Ontario and Quebec.<\/h4>\r\n<p>We promote a collaborative design approach that fosters and encourages feedback from all team members. Our inclusive work environment promotes ideation and innovation \u2013 it is a place where people can be themselves. <br \/>Our diversity of experiences, background, points of view and ideas make <b>gmad<\/b> a privileged place. <b>gmad<\/b> is more than an employer, it is a family where each person is valued for their talents, their expertise, their experience and their individual perspective.<\/p>\r\n<p><img decoding=\"async\" src=\"https:\/\/www.gmad.ca\/wp-content\/uploads\/First-Carriere-Image-min.jpg\" alt=\"First Carriere Image min\" \/><\/p>\r\n<h2>OPPORTUNITIES<\/h2>\r\n<p>We are constantly looking for new talent to join our team, for people of all levels of experience and specialties.<\/p>\r\n<p>If you are interested to be a part of the <b>gmad<\/b> family but do not see an immediate posting in your field, please do not hesitate to get in touch with us, we&#8217;d like to meet and get to know you.<\/p>\r\n<h2>OUR JOB OFFERS<\/h2>\r\n<p><img decoding=\"async\" src=\"https:\/\/www.gmad.ca\/wp-content\/uploads\/separator-vertical.png\" alt=\"separator vertical\" \/><\/p>\r\n<p>D\u00e9sol\u00e9 nous n&#8217;avons trouv\u00e9 aucune r\u00e9alisation. Veuillez essayer une recherche diff\u00e9rente !<\/p>\r\n<form role=\"search\" action=\"https:\/\/www.gmad.ca\/en\/\" method=\"get\"><label> Search for: <input name=\"s\" type=\"search\" value=\"\" placeholder=\"Search \u2026\" \/> <\/label> <input type=\"submit\" value=\"Search\" \/><\/form>\r\n<h5>&#8221; Architecture is the incorruptible witness of history. &#8220;<\/h5>\r\n<h5>OCTAVIO PIAZ<\/h5>\r\n","protected":false},"excerpt":{"rendered":"<p>DEVELOP YOUR CAREER gmad is a growing multidisciplinary firm with offices located in Ontario and Quebec. We promote a collaborative design approach that fosters and encourages feedback from all team members. Our inclusive work environment promotes ideation and innovation \u2013 it is a place where people can be themselves. Our diversity of experiences, background, points &hellip;<\/p>\n<p class=\"read-more\"> <a class=\"\" href=\"https:\/\/www.gmad.ca\/en\/career\/\"> <span class=\"screen-reader-text\">Career<\/span> Read More &raquo;<\/a><\/p>\n","protected":false},"author":3194,"featured_media":0,"parent":0,"menu_order":0,"comment_status":"closed","ping_status":"closed","template":"","meta":{"_exactmetrics_skip_tracking":false,"_exactmetrics_sitenote_active":false,"_exactmetrics_sitenote_note":"","_exactmetrics_sitenote_category":0,"footnotes":""},"yst_prominent_words":[291,279,278,274,277,285,204,275,76,280,295,276,281,284,293,283,282,289,287,286],"class_list":["post-3728","page","type-page","status-publish","hentry"],"_links":{"self":[{"href":"https:\/\/www.gmad.ca\/en\/wp-json\/wp\/v2\/pages\/3728","targetHints":{"allow":["GET"]}}],"collection":[{"href":"https:\/\/www.gmad.ca\/en\/wp-json\/wp\/v2\/pages"}],"about":[{"href":"https:\/\/www.gmad.ca\/en\/wp-json\/wp\/v2\/types\/page"}],"author":[{"embeddable":true,"href":"https:\/\/www.gmad.ca\/en\/wp-json\/wp\/v2\/users\/3194"}],"replies":[{"embeddable":true,"href":"https:\/\/www.gmad.ca\/en\/wp-json\/wp\/v2\/comments?post=3728"}],"version-history":[{"count":0,"href":"https:\/\/www.gmad.ca\/en\/wp-json\/wp\/v2\/pages\/3728\/revisions"}],"wp:attachment":[{"href":"https:\/\/www.gmad.ca\/en\/wp-json\/wp\/v2\/media?parent=3728"}],"wp:term":[{"taxonomy":"yst_prominent_words","embeddable":true,"href":"https:\/\/www.gmad.ca\/en\/wp-json\/wp\/v2\/yst_prominent_words?post=3728"}],"curies":[{"name":"wp","href":"https:\/\/api.w.org\/{rel}","templated":true}]}}